{"id":2484,"date":"2025-08-20T13:14:19","date_gmt":"2025-08-20T17:14:19","guid":{"rendered":"https:\/\/www.zestedumonde.ca\/gallery\/"},"modified":"2025-12-08T16:40:58","modified_gmt":"2025-12-08T21:40:58","slug":"gallery","status":"publish","type":"page","link":"https:\/\/www.zestedumonde.ca\/en\/gallery\/","title":{"rendered":"Gallery"},"content":{"rendered":"<p><div class=\"fusion-fullwidth fullwidth-box fusion-builder-row-1 fusion-flex-container has-pattern-background has-mask-background nonhundred-percent-fullwidth non-hundred-percent-height-scrolling\" style=\"--awb-border-radius-top-left:0px;--awb-border-radius-top-right:0px;--awb-border-radius-bottom-right:0px;--awb-border-radius-bottom-left:0px;--awb-padding-top:175px;--awb-padding-right:0px;--awb-padding-bottom:0px;--awb-padding-left:0px;--awb-padding-top-small:60px;--awb-margin-top:0px;--awb-margin-bottom:0px;--awb-background-color:var(--awb-custom_color_3);--awb-background-image:linear-gradient(180deg, var(--awb-custom_color_4) 0%,rgba(255,255,255,0) 4%);--awb-flex-wrap:wrap;\" ><div class=\"fusion-builder-row fusion-row fusion-flex-align-items-flex-start fusion-flex-content-wrap\" style=\"max-width:1341.6px;margin-left: calc(-4% \/ 2 );margin-right: calc(-4% \/ 2 );\"><div class=\"fusion-layout-column fusion_builder_column fusion-builder-column-0 fusion_builder_column_1_1 1_1 fusion-flex-column\" style=\"--awb-padding-right:250px;--awb-padding-left:250px;--awb-padding-right-small:80px;--awb-padding-left-small:80px;--awb-bg-size:cover;--awb-width-large:100%;--awb-margin-top-large:0px;--awb-spacing-right-large:1.92%;--awb-margin-bottom-large:0px;--awb-spacing-left-large:1.92%;--awb-width-medium:100%;--awb-order-medium:0;--awb-spacing-right-medium:1.92%;--awb-spacing-left-medium:1.92%;--awb-width-small:100%;--awb-order-small:0;--awb-spacing-right-small:1.92%;--awb-spacing-left-small:1.92%;\"><div class=\"fusion-column-wrapper fusion-column-has-shadow fusion-flex-justify-content-flex-start fusion-content-layout-column\"><div class=\"fusion-title title fusion-title-1 fusion-sep-none fusion-title-center fusion-title-text fusion-title-size-one\" style=\"--awb-text-color:var(--awb-color1);--awb-margin-top:0px;--awb-margin-bottom:0px;--awb-font-size:50px;\"><h1 class=\"fusion-title-heading title-heading-center\" style=\"margin:0;font-size:1em;\">Zeste du Monde Gallery<\/h1><\/div><div class=\"fusion-text fusion-text-1 fusion-text-no-margin\" style=\"--awb-content-alignment:center;--awb-margin-bottom:0px;\"><p style=\"text-align: center; color: var(--awb-color1); font-family: Merriweather; font-weight: 300;\" data-fusion-font=\"true\" data-fusion-google-font=\"Merriweather\" data-fusion-google-variant=\"300\">A selection of dishes created by our chefs<\/p>\n<\/div><\/div><\/div><\/div><\/div><div class=\"fusion-fullwidth fullwidth-box fusion-builder-row-2 fusion-flex-container has-pattern-background has-mask-background hundred-percent-fullwidth non-hundred-percent-height-scrolling\" style=\"--awb-border-radius-top-left:0px;--awb-border-radius-top-right:0px;--awb-border-radius-bottom-right:0px;--awb-border-radius-bottom-left:0px;--awb-padding-right:0px;--awb-padding-left:0px;--awb-margin-bottom:0px;--awb-flex-wrap:wrap;\" ><div class=\"fusion-builder-row fusion-row fusion-flex-align-items-flex-start fusion-flex-content-wrap\" style=\"width:104% !important;max-width:104% !important;margin-left: calc(-4% \/ 2 );margin-right: calc(-4% \/ 2 );\"><div class=\"fusion-layout-column fusion_builder_column fusion-builder-column-1 fusion_builder_column_1_1 1_1 fusion-flex-column\" style=\"--awb-bg-image:url(&#039;https:\/\/www.zestedumonde.ca\/wp-content\/uploads\/2025\/08\/bg-green-pointer-bottom-left.jpg&#039;);--awb-bg-size:cover;--awb-width-large:100%;--awb-margin-top-large:0px;--awb-spacing-right-large:1.92%;--awb-margin-bottom-large:20px;--awb-spacing-left-large:1.92%;--awb-width-medium:100%;--awb-order-medium:0;--awb-spacing-right-medium:1.92%;--awb-spacing-left-medium:1.92%;--awb-width-small:100%;--awb-order-small:0;--awb-spacing-right-small:1.92%;--awb-spacing-left-small:1.92%;\"><div class=\"fusion-column-wrapper fusion-column-has-shadow fusion-flex-justify-content-flex-start fusion-content-layout-column fusion-empty-column-bg-image fusion-column-has-bg-image\" data-bg-url=\"https:\/\/www.zestedumonde.ca\/wp-content\/uploads\/2025\/08\/bg-green-pointer-bottom-left.jpg\"><img decoding=\"async\" class=\"fusion-empty-dims-img-placeholder\" aria-label=\"bg-green-pointer-bottom-left\" src=\"data:image\/svg+xml,%3Csvg%20xmlns%3D%27http%3A%2F%2Fwww.w3.org%2F2000%2Fsvg%27%20width%3D%271920%27%20height%3D%27126%27%20viewBox%3D%270%200%201920%20126%27%3E%3Crect%20width%3D%271920%27%20height%3D%27126%27%20fill-opacity%3D%220%22%2F%3E%3C%2Fsvg%3E\"><\/div><\/div><\/div><\/div><div class=\"fusion-fullwidth fullwidth-box fusion-builder-row-3 fusion-flex-container has-pattern-background has-mask-background nonhundred-percent-fullwidth non-hundred-percent-height-scrolling\" style=\"--awb-border-radius-top-left:0px;--awb-border-radius-top-right:0px;--awb-border-radius-bottom-right:0px;--awb-border-radius-bottom-left:0px;--awb-padding-bottom:0px;--awb-margin-bottom:0px;--awb-flex-wrap:wrap;\" ><div class=\"fusion-builder-row fusion-row fusion-flex-align-items-flex-start fusion-flex-content-wrap\" style=\"max-width:1341.6px;margin-left: calc(-4% \/ 2 );margin-right: calc(-4% \/ 2 );\"><div class=\"fusion-layout-column fusion_builder_column fusion-builder-column-2 fusion_builder_column_1_1 1_1 fusion-flex-column\" style=\"--awb-padding-top:20px;--awb-bg-size:cover;--awb-width-large:100%;--awb-margin-top-large:0px;--awb-spacing-right-large:1.92%;--awb-margin-bottom-large:20px;--awb-spacing-left-large:1.92%;--awb-width-medium:100%;--awb-order-medium:0;--awb-spacing-right-medium:1.92%;--awb-spacing-left-medium:1.92%;--awb-width-small:100%;--awb-order-small:0;--awb-spacing-right-small:1.92%;--awb-spacing-left-small:1.92%;\"><div class=\"fusion-column-wrapper fusion-column-has-shadow fusion-flex-justify-content-flex-start fusion-content-layout-column\"><div class=\"awb-gallery-wrapper awb-gallery-wrapper-1 button-span-no\" style=\"--more-btn-alignment:center;\"><div style=\"margin:-5px;--awb-aspect-ratio: 100 \/ 55;--awb-bordersize:0px;\" class=\"fusion-gallery fusion-gallery-container fusion-grid-3 fusion-columns-total-15 fusion-gallery-layout-grid fusion-gallery-1 has-aspect-ratio\"><div style=\"padding:5px;\" class=\"fusion-grid-column fusion-gallery-column fusion-gallery-column-3 hover-type-none\"><div class=\"fusion-gallery-image\"><a href=\"https:\/\/www.zestedumonde.ca\/wp-content\/uploads\/2025\/08\/assiette-2.jpg\" rel=\"noreferrer\" data-rel=\"iLightbox[gallery_image_1]\" class=\"fusion-lightbox\" target=\"_self\"><img decoding=\"async\" src=\"https:\/\/www.zestedumonde.ca\/wp-content\/uploads\/2025\/08\/assiette-2-460x295.jpg\" width=\"460\" height=\"295\" alt=\"\" title=\"assiette-2\" aria-label=\"assiette-2\" class=\"img-responsive wp-image-2471 fusion-gallery-image-size-fixed\"  \/><\/a><\/div><\/div><div style=\"padding:5px;\" class=\"fusion-grid-column fusion-gallery-column fusion-gallery-column-3 hover-type-none\"><div class=\"fusion-gallery-image\"><a href=\"https:\/\/www.zestedumonde.ca\/wp-content\/uploads\/2025\/08\/assiette.jpg\" rel=\"noreferrer\" data-rel=\"iLightbox[gallery_image_1]\" class=\"fusion-lightbox\" target=\"_self\"><img decoding=\"async\" src=\"https:\/\/www.zestedumonde.ca\/wp-content\/uploads\/2025\/08\/assiette-460x295.jpg\" width=\"460\" height=\"295\" alt=\"Table dress\u00e9e avec assiettes gastronomiques et verrerie pour un banquet de traiteur \u00e9v\u00e9nementiel \u00e0 Montr\u00e9al, cr\u00e9ant une ambiance \u00e9l\u00e9gante et soign\u00e9e\" title=\"assiette\" aria-label=\"assiette\" class=\"img-responsive wp-image-2457 fusion-gallery-image-size-fixed\"  \/><\/a><\/div><\/div><div style=\"padding:5px;\" class=\"fusion-grid-column fusion-gallery-column fusion-gallery-column-3 hover-type-none\"><div class=\"fusion-gallery-image\"><a href=\"https:\/\/www.zestedumonde.ca\/wp-content\/uploads\/2025\/08\/canapes-4.jpg\" rel=\"noreferrer\" data-rel=\"iLightbox[gallery_image_1]\" class=\"fusion-lightbox\" target=\"_self\"><img decoding=\"async\" src=\"https:\/\/www.zestedumonde.ca\/wp-content\/uploads\/2025\/08\/canapes-4-460x295.jpg\" width=\"460\" height=\"295\" alt=\"\" title=\"canapes-4\" aria-label=\"canapes-4\" class=\"img-responsive wp-image-2472 fusion-gallery-image-size-fixed\"  \/><\/a><\/div><\/div><div class=\"clearfix\"><\/div><div style=\"padding:5px;\" class=\"fusion-grid-column fusion-gallery-column fusion-gallery-column-3 hover-type-none\"><div class=\"fusion-gallery-image\"><a href=\"https:\/\/www.zestedumonde.ca\/wp-content\/uploads\/2025\/08\/evenements-3.jpg\" rel=\"noreferrer\" data-rel=\"iLightbox[gallery_image_1]\" class=\"fusion-lightbox\" target=\"_self\"><img decoding=\"async\" src=\"https:\/\/www.zestedumonde.ca\/wp-content\/uploads\/2025\/08\/evenements-3-460x295.jpg\" width=\"460\" height=\"295\" alt=\"\" title=\"evenements-3\" aria-label=\"evenements-3\" class=\"img-responsive wp-image-2473 fusion-gallery-image-size-fixed\"  \/><\/a><\/div><\/div><div style=\"padding:5px;\" class=\"fusion-grid-column fusion-gallery-column fusion-gallery-column-3 hover-type-none\"><div class=\"fusion-gallery-image\"><a href=\"https:\/\/www.zestedumonde.ca\/wp-content\/uploads\/2025\/08\/evenements-2.jpg\" rel=\"noreferrer\" data-rel=\"iLightbox[gallery_image_1]\" class=\"fusion-lightbox\" target=\"_self\"><img decoding=\"async\" src=\"https:\/\/www.zestedumonde.ca\/wp-content\/uploads\/2025\/08\/evenements-2-460x295.jpg\" width=\"460\" height=\"295\" alt=\"Chef de Zeste du Monde pr\u00e9parant des bouch\u00e9es pour un \u00e9v\u00e9nement corporatif \u00e0 Montr\u00e9al, avec service traiteur soign\u00e9 et pr\u00e9sentation professionnelle\" title=\"evenements-2\" aria-label=\"evenements-2\" class=\"img-responsive wp-image-2474 fusion-gallery-image-size-fixed\"  \/><\/a><\/div><\/div><div style=\"padding:5px;\" class=\"fusion-grid-column fusion-gallery-column fusion-gallery-column-3 hover-type-none\"><div class=\"fusion-gallery-image\"><a href=\"https:\/\/www.zestedumonde.ca\/wp-content\/uploads\/2025\/08\/poutine.jpg\" rel=\"noreferrer\" data-rel=\"iLightbox[gallery_image_1]\" class=\"fusion-lightbox\" target=\"_self\"><img decoding=\"async\" src=\"https:\/\/www.zestedumonde.ca\/wp-content\/uploads\/2025\/08\/poutine-460x295.jpg\" width=\"460\" height=\"295\" alt=\"\" title=\"poutine\" aria-label=\"poutine\" class=\"img-responsive wp-image-2475 fusion-gallery-image-size-fixed\"  \/><\/a><\/div><\/div><div class=\"clearfix\"><\/div><div style=\"padding:5px;\" class=\"fusion-grid-column fusion-gallery-column fusion-gallery-column-3 hover-type-none\"><div class=\"fusion-gallery-image\"><a href=\"https:\/\/www.zestedumonde.ca\/wp-content\/uploads\/2025\/08\/canapes-2.jpg\" rel=\"noreferrer\" data-rel=\"iLightbox[gallery_image_1]\" class=\"fusion-lightbox\" target=\"_self\"><img decoding=\"async\" src=\"https:\/\/www.zestedumonde.ca\/wp-content\/uploads\/2025\/08\/canapes-2-460x295.jpg\" width=\"460\" height=\"295\" alt=\"S\u00e9lection de canap\u00e9s gourmets et verrine sucr\u00e9e dispos\u00e9s sur ardoise, pr\u00e9sent\u00e9s par un traiteur \u00e9v\u00e9nementiel pour un cocktail raffin\u00e9 \u00e0 Montr\u00e9al\" title=\"canapes-2\" aria-label=\"canapes-2\" class=\"img-responsive wp-image-2462 fusion-gallery-image-size-fixed\"  \/><\/a><\/div><\/div><div style=\"padding:5px;\" class=\"fusion-grid-column fusion-gallery-column fusion-gallery-column-3 hover-type-none\"><div class=\"fusion-gallery-image\"><a href=\"https:\/\/www.zestedumonde.ca\/wp-content\/uploads\/2025\/08\/canapes-3.jpg\" rel=\"noreferrer\" data-rel=\"iLightbox[gallery_image_1]\" class=\"fusion-lightbox\" target=\"_self\"><img decoding=\"async\" src=\"https:\/\/www.zestedumonde.ca\/wp-content\/uploads\/2025\/08\/canapes-3-460x295.jpg\" width=\"460\" height=\"295\" alt=\"\" title=\"canapes-3\" aria-label=\"canapes-3\" class=\"img-responsive wp-image-2476 fusion-gallery-image-size-fixed\"  \/><\/a><\/div><\/div><div style=\"padding:5px;\" class=\"fusion-grid-column fusion-gallery-column fusion-gallery-column-3 hover-type-none\"><div class=\"fusion-gallery-image\"><a href=\"https:\/\/www.zestedumonde.ca\/wp-content\/uploads\/2025\/08\/defi-lavoie.jpg\" rel=\"noreferrer\" data-rel=\"iLightbox[gallery_image_1]\" class=\"fusion-lightbox\" target=\"_self\"><img decoding=\"async\" src=\"https:\/\/www.zestedumonde.ca\/wp-content\/uploads\/2025\/08\/defi-lavoie-267x295.jpg\" width=\"267\" height=\"295\" alt=\"\" title=\"defi-lavoie\" aria-label=\"defi-lavoie\" class=\"img-responsive wp-image-2477 fusion-gallery-image-size-fixed\" style=\"object-position:45% 83%;\" \/><\/a><\/div><\/div><div class=\"clearfix\"><\/div><div style=\"padding:5px;\" class=\"fusion-grid-column fusion-gallery-column fusion-gallery-column-3 hover-type-none\"><div class=\"fusion-gallery-image\"><a href=\"https:\/\/www.zestedumonde.ca\/wp-content\/uploads\/2025\/08\/defi-lavoie-2.jpg\" rel=\"noreferrer\" data-rel=\"iLightbox[gallery_image_1]\" class=\"fusion-lightbox\" target=\"_self\"><img decoding=\"async\" src=\"https:\/\/www.zestedumonde.ca\/wp-content\/uploads\/2025\/08\/defi-lavoie-2-460x295.jpg\" width=\"460\" height=\"295\" alt=\"\" title=\"defi-lavoie-2\" aria-label=\"defi-lavoie-2\" class=\"img-responsive wp-image-2478 fusion-gallery-image-size-fixed\"  \/><\/a><\/div><\/div><div style=\"padding:5px;\" class=\"fusion-grid-column fusion-gallery-column fusion-gallery-column-3 hover-type-none\"><div class=\"fusion-gallery-image\"><a href=\"https:\/\/www.zestedumonde.ca\/wp-content\/uploads\/2025\/08\/Food111.jpg\" rel=\"noreferrer\" data-rel=\"iLightbox[gallery_image_1]\" class=\"fusion-lightbox\" target=\"_self\"><img decoding=\"async\" src=\"https:\/\/www.zestedumonde.ca\/wp-content\/uploads\/2025\/08\/Food111-460x295.jpg\" width=\"460\" height=\"295\" alt=\"\" title=\"Food111\" aria-label=\"Food111\" class=\"img-responsive wp-image-2479 fusion-gallery-image-size-fixed\"  \/><\/a><\/div><\/div><div style=\"padding:5px;\" class=\"fusion-grid-column fusion-gallery-column fusion-gallery-column-3 hover-type-none\"><div class=\"fusion-gallery-image\"><a href=\"https:\/\/www.zestedumonde.ca\/wp-content\/uploads\/2025\/08\/Food112.jpg\" rel=\"noreferrer\" data-rel=\"iLightbox[gallery_image_1]\" class=\"fusion-lightbox\" target=\"_self\"><img decoding=\"async\" src=\"https:\/\/www.zestedumonde.ca\/wp-content\/uploads\/2025\/08\/Food112-460x295.jpg\" width=\"460\" height=\"295\" alt=\"\" title=\"Food112\" aria-label=\"Food112\" class=\"img-responsive wp-image-2480 fusion-gallery-image-size-fixed\"  \/><\/a><\/div><\/div><div class=\"clearfix\"><\/div><div style=\"padding:5px;\" class=\"fusion-grid-column fusion-gallery-column fusion-gallery-column-3 hover-type-none\"><div class=\"fusion-gallery-image\"><a href=\"https:\/\/www.zestedumonde.ca\/wp-content\/uploads\/2025\/08\/desserts.jpg\" rel=\"noreferrer\" data-rel=\"iLightbox[gallery_image_1]\" class=\"fusion-lightbox\" target=\"_self\"><img decoding=\"async\" src=\"https:\/\/www.zestedumonde.ca\/wp-content\/uploads\/2025\/08\/desserts-460x295.jpg\" width=\"460\" height=\"295\" alt=\"\" title=\"desserts\" aria-label=\"desserts\" class=\"img-responsive wp-image-2481 fusion-gallery-image-size-fixed\"  \/><\/a><\/div><\/div><div style=\"padding:5px;\" class=\"fusion-grid-column fusion-gallery-column fusion-gallery-column-3 hover-type-none\"><div class=\"fusion-gallery-image\"><a href=\"https:\/\/www.zestedumonde.ca\/wp-content\/uploads\/2025\/08\/dejeuner.jpg\" rel=\"noreferrer\" data-rel=\"iLightbox[gallery_image_1]\" class=\"fusion-lightbox\" target=\"_self\"><img decoding=\"async\" src=\"https:\/\/www.zestedumonde.ca\/wp-content\/uploads\/2025\/08\/dejeuner-460x295.jpg\" width=\"460\" height=\"295\" alt=\"\" title=\"dejeuner\" aria-label=\"dejeuner\" class=\"img-responsive wp-image-2482 fusion-gallery-image-size-fixed\"  \/><\/a><\/div><\/div><div style=\"padding:5px;\" class=\"fusion-grid-column fusion-gallery-column fusion-gallery-column-3 hover-type-none\"><div class=\"fusion-gallery-image\"><a href=\"https:\/\/www.zestedumonde.ca\/wp-content\/uploads\/2025\/08\/canapes.jpg\" rel=\"noreferrer\" data-rel=\"iLightbox[gallery_image_1]\" class=\"fusion-lightbox\" target=\"_self\"><img decoding=\"async\" src=\"https:\/\/www.zestedumonde.ca\/wp-content\/uploads\/2025\/08\/canapes-460x295.jpg\" width=\"460\" height=\"295\" alt=\"\" title=\"canapes\" aria-label=\"canapes\" class=\"img-responsive wp-image-2483 fusion-gallery-image-size-fixed\"  \/><\/a><\/div><\/div><div class=\"clearfix\"><\/div><\/div><\/div><\/div><\/div><\/div><\/div><\/p>\n","protected":false},"excerpt":{"rendered":"","protected":false},"author":2,"featured_media":0,"parent":0,"menu_order":0,"comment_status":"closed","ping_status":"closed","template":"100-width.php","meta":{"_acf_changed":false,"inline_featured_image":false,"footnotes":""},"class_list":["post-2484","page","type-page","status-publish","hentry"],"acf":[],"yoast_head":"<!-- This site is optimized with the Yoast SEO plugin v26.5 - https:\/\/yoast.com\/wordpress\/plugins\/seo\/ -->\n<title>Photo Gallery | Zeste du Monde \u2013 Catering in Montreal<\/title>\n<meta name=\"description\" content=\"Explore the photo gallery of Zeste du Monde, a Montreal catering service. Browse our culinary creations and gourmet events. Get inspired!\" \/>\n<meta name=\"robots\" content=\"index, follow, max-snippet:-1, max-image-preview:large, max-video-preview:-1\" \/>\n<link rel=\"canonical\" href=\"https:\/\/www.zestedumonde.ca\/en\/gallery\/\" \/>\n<meta property=\"og:locale\" content=\"en_US\" \/>\n<meta property=\"og:type\" content=\"article\" \/>\n<meta property=\"og:title\" content=\"Photo Gallery | Zeste du Monde \u2013 Catering in Montreal\" \/>\n<meta property=\"og:description\" content=\"Explore the photo gallery of Zeste du Monde, a Montreal catering service. Browse our culinary creations and gourmet events. Get inspired!\" \/>\n<meta property=\"og:url\" content=\"https:\/\/www.zestedumonde.ca\/en\/gallery\/\" \/>\n<meta property=\"og:site_name\" content=\"Zeste du monde\" \/>\n<meta property=\"article:publisher\" content=\"https:\/\/www.facebook.com\/zestedumonde.traiteur\" \/>\n<meta property=\"article:modified_time\" content=\"2025-12-08T21:40:58+00:00\" \/>\n<meta name=\"twitter:card\" content=\"summary_large_image\" \/>\n<meta name=\"twitter:label1\" content=\"Est. reading time\" \/>\n\t<meta name=\"twitter:data1\" content=\"11 minutes\" \/>\n<script type=\"application\/ld+json\" class=\"yoast-schema-graph\">{\"@context\":\"https:\/\/schema.org\",\"@graph\":[{\"@type\":\"WebPage\",\"@id\":\"https:\/\/www.zestedumonde.ca\/en\/gallery\/\",\"url\":\"https:\/\/www.zestedumonde.ca\/en\/gallery\/\",\"name\":\"Photo Gallery | Zeste du Monde \u2013 Catering in Montreal\",\"isPartOf\":{\"@id\":\"https:\/\/beta.zestedumonde.ca\/#website\"},\"datePublished\":\"2025-08-20T17:14:19+00:00\",\"dateModified\":\"2025-12-08T21:40:58+00:00\",\"description\":\"Explore the photo gallery of Zeste du Monde, a Montreal catering service. Browse our culinary creations and gourmet events. Get inspired!\",\"breadcrumb\":{\"@id\":\"https:\/\/www.zestedumonde.ca\/en\/gallery\/#breadcrumb\"},\"inLanguage\":\"en-US\",\"potentialAction\":[{\"@type\":\"ReadAction\",\"target\":[\"https:\/\/www.zestedumonde.ca\/en\/gallery\/\"]}]},{\"@type\":\"BreadcrumbList\",\"@id\":\"https:\/\/www.zestedumonde.ca\/en\/gallery\/#breadcrumb\",\"itemListElement\":[{\"@type\":\"ListItem\",\"position\":1,\"name\":\"Accueil\",\"item\":\"https:\/\/www.zestedumonde.ca\/en\/\"},{\"@type\":\"ListItem\",\"position\":2,\"name\":\"Gallery\"}]},{\"@type\":\"WebSite\",\"@id\":\"https:\/\/beta.zestedumonde.ca\/#website\",\"url\":\"https:\/\/beta.zestedumonde.ca\/\",\"name\":\"Zeste du monde\",\"description\":\"\",\"publisher\":{\"@id\":\"https:\/\/beta.zestedumonde.ca\/#organization\"},\"potentialAction\":[{\"@type\":\"SearchAction\",\"target\":{\"@type\":\"EntryPoint\",\"urlTemplate\":\"https:\/\/beta.zestedumonde.ca\/?s={search_term_string}\"},\"query-input\":{\"@type\":\"PropertyValueSpecification\",\"valueRequired\":true,\"valueName\":\"search_term_string\"}}],\"inLanguage\":\"en-US\"},{\"@type\":\"Organization\",\"@id\":\"https:\/\/beta.zestedumonde.ca\/#organization\",\"name\":\"Zeste du monde\",\"url\":\"https:\/\/beta.zestedumonde.ca\/\",\"logo\":{\"@type\":\"ImageObject\",\"inLanguage\":\"en-US\",\"@id\":\"https:\/\/beta.zestedumonde.ca\/#\/schema\/logo\/image\/\",\"url\":\"https:\/\/www.zestedumonde.ca\/wp-content\/uploads\/2025\/08\/zeste-du-monde-logo@3x-cropped.png\",\"contentUrl\":\"https:\/\/www.zestedumonde.ca\/wp-content\/uploads\/2025\/08\/zeste-du-monde-logo@3x-cropped.png\",\"width\":600,\"height\":171,\"caption\":\"Zeste du monde\"},\"image\":{\"@id\":\"https:\/\/beta.zestedumonde.ca\/#\/schema\/logo\/image\/\"},\"sameAs\":[\"https:\/\/www.facebook.com\/zestedumonde.traiteur\"]}]}<\/script>\n<!-- \/ Yoast SEO plugin. -->","yoast_head_json":{"title":"Photo Gallery | Zeste du Monde \u2013 Catering in Montreal","description":"Explore the photo gallery of Zeste du Monde, a Montreal catering service. Browse our culinary creations and gourmet events. Get inspired!","robots":{"index":"index","follow":"follow","max-snippet":"max-snippet:-1","max-image-preview":"max-image-preview:large","max-video-preview":"max-video-preview:-1"},"canonical":"https:\/\/www.zestedumonde.ca\/en\/gallery\/","og_locale":"en_US","og_type":"article","og_title":"Photo Gallery | Zeste du Monde \u2013 Catering in Montreal","og_description":"Explore the photo gallery of Zeste du Monde, a Montreal catering service. Browse our culinary creations and gourmet events. Get inspired!","og_url":"https:\/\/www.zestedumonde.ca\/en\/gallery\/","og_site_name":"Zeste du monde","article_publisher":"https:\/\/www.facebook.com\/zestedumonde.traiteur","article_modified_time":"2025-12-08T21:40:58+00:00","twitter_card":"summary_large_image","twitter_misc":{"Est. reading time":"11 minutes"},"schema":{"@context":"https:\/\/schema.org","@graph":[{"@type":"WebPage","@id":"https:\/\/www.zestedumonde.ca\/en\/gallery\/","url":"https:\/\/www.zestedumonde.ca\/en\/gallery\/","name":"Photo Gallery | Zeste du Monde \u2013 Catering in Montreal","isPartOf":{"@id":"https:\/\/beta.zestedumonde.ca\/#website"},"datePublished":"2025-08-20T17:14:19+00:00","dateModified":"2025-12-08T21:40:58+00:00","description":"Explore the photo gallery of Zeste du Monde, a Montreal catering service. Browse our culinary creations and gourmet events. Get inspired!","breadcrumb":{"@id":"https:\/\/www.zestedumonde.ca\/en\/gallery\/#breadcrumb"},"inLanguage":"en-US","potentialAction":[{"@type":"ReadAction","target":["https:\/\/www.zestedumonde.ca\/en\/gallery\/"]}]},{"@type":"BreadcrumbList","@id":"https:\/\/www.zestedumonde.ca\/en\/gallery\/#breadcrumb","itemListElement":[{"@type":"ListItem","position":1,"name":"Accueil","item":"https:\/\/www.zestedumonde.ca\/en\/"},{"@type":"ListItem","position":2,"name":"Gallery"}]},{"@type":"WebSite","@id":"https:\/\/beta.zestedumonde.ca\/#website","url":"https:\/\/beta.zestedumonde.ca\/","name":"Zeste du monde","description":"","publisher":{"@id":"https:\/\/beta.zestedumonde.ca\/#organization"},"potentialAction":[{"@type":"SearchAction","target":{"@type":"EntryPoint","urlTemplate":"https:\/\/beta.zestedumonde.ca\/?s={search_term_string}"},"query-input":{"@type":"PropertyValueSpecification","valueRequired":true,"valueName":"search_term_string"}}],"inLanguage":"en-US"},{"@type":"Organization","@id":"https:\/\/beta.zestedumonde.ca\/#organization","name":"Zeste du monde","url":"https:\/\/beta.zestedumonde.ca\/","logo":{"@type":"ImageObject","inLanguage":"en-US","@id":"https:\/\/beta.zestedumonde.ca\/#\/schema\/logo\/image\/","url":"https:\/\/www.zestedumonde.ca\/wp-content\/uploads\/2025\/08\/zeste-du-monde-logo@3x-cropped.png","contentUrl":"https:\/\/www.zestedumonde.ca\/wp-content\/uploads\/2025\/08\/zeste-du-monde-logo@3x-cropped.png","width":600,"height":171,"caption":"Zeste du monde"},"image":{"@id":"https:\/\/beta.zestedumonde.ca\/#\/schema\/logo\/image\/"},"sameAs":["https:\/\/www.facebook.com\/zestedumonde.traiteur"]}]}},"_links":{"self":[{"href":"https:\/\/www.zestedumonde.ca\/en\/wp-json\/wp\/v2\/pages\/2484","targetHints":{"allow":["GET"]}}],"collection":[{"href":"https:\/\/www.zestedumonde.ca\/en\/wp-json\/wp\/v2\/pages"}],"about":[{"href":"https:\/\/www.zestedumonde.ca\/en\/wp-json\/wp\/v2\/types\/page"}],"author":[{"embeddable":true,"href":"https:\/\/www.zestedumonde.ca\/en\/wp-json\/wp\/v2\/users\/2"}],"replies":[{"embeddable":true,"href":"https:\/\/www.zestedumonde.ca\/en\/wp-json\/wp\/v2\/comments?post=2484"}],"version-history":[{"count":6,"href":"https:\/\/www.zestedumonde.ca\/en\/wp-json\/wp\/v2\/pages\/2484\/revisions"}],"predecessor-version":[{"id":2657,"href":"https:\/\/www.zestedumonde.ca\/en\/wp-json\/wp\/v2\/pages\/2484\/revisions\/2657"}],"wp:attachment":[{"href":"https:\/\/www.zestedumonde.ca\/en\/wp-json\/wp\/v2\/media?parent=2484"}],"curies":[{"name":"wp","href":"https:\/\/api.w.org\/{rel}","templated":true}]}}